{"id":16,"date":"2023-10-10T10:07:19","date_gmt":"2023-10-10T10:07:19","guid":{"rendered":"https:\/\/eveil-des-papilles.com\/?page_id=16"},"modified":"2023-10-12T10:19:38","modified_gmt":"2023-10-12T10:19:38","slug":"traiteur-haut-de-gamme","status":"publish","type":"page","link":"https:\/\/eveil-des-papilles.com\/de\/gehobenes-catering","title":{"rendered":"Hochwertiges Catering"},"content":{"rendered":"","protected":false},"excerpt":{"rendered":"","protected":false},"author":1,"featured_media":108,"parent":0,"menu_order":0,"comment_status":"closed","ping_status":"closed","template":"","meta":{"footnotes":""},"class_list":["post-16","page","type-page","status-publish","has-post-thumbnail","czr-hentry"],"yoast_head":"<!-- This site is optimized with the Yoast SEO plugin v27.3 - https:\/\/yoast.com\/product\/yoast-seo-wordpress\/ -->\n<title>L&#039;\u00c9veil des Papilles - Traiteur haut de gamme<\/title>\n<meta name=\"description\" content=\"Recevez de fa\u00e7on conviviale, partagez un moment de gourmandise. Nos chefs \u00e9laborent des menus sp\u00e9cialement pour vos occasions particuli\u00e8res.\" \/>\n<meta name=\"robots\" content=\"index, follow, max-snippet:-1, max-image-preview:large, max-video-preview:-1\" \/>\n<link rel=\"canonical\" href=\"https:\/\/eveil-des-papilles.com\/de\/gehobenes-catering\/\" \/>\n<meta property=\"og:locale\" content=\"de_DE\" \/>\n<meta property=\"og:type\" content=\"article\" \/>\n<meta property=\"og:title\" content=\"L&#039;\u00c9veil des Papilles - Traiteur haut de gamme\" \/>\n<meta property=\"og:description\" content=\"Recevez de fa\u00e7on conviviale, partagez un moment de gourmandise. Nos chefs \u00e9laborent des menus sp\u00e9cialement pour vos occasions particuli\u00e8res.\" \/>\n<meta property=\"og:url\" content=\"https:\/\/eveil-des-papilles.com\/de\/gehobenes-catering\/\" \/>\n<meta property=\"og:site_name\" content=\"L&#039;\u00c9veil des Papilles\" \/>\n<meta property=\"article:publisher\" content=\"https:\/\/www.facebook.com\/edptraiteur\/?locale=fr_FR\" \/>\n<meta property=\"article:modified_time\" content=\"2023-10-12T10:19:38+00:00\" \/>\n<meta property=\"og:image\" content=\"https:\/\/eveil-des-papilles.com\/wp-content\/uploads\/2023\/10\/ZART01906-1024x683.jpg\" \/>\n\t<meta property=\"og:image:width\" content=\"1024\" \/>\n\t<meta property=\"og:image:height\" content=\"683\" \/>\n\t<meta property=\"og:image:type\" content=\"image\/jpeg\" \/>\n<meta name=\"twitter:card\" content=\"summary_large_image\" \/>\n<script type=\"application\/ld+json\" class=\"yoast-schema-graph\">{\"@context\":\"https:\\\/\\\/schema.org\",\"@graph\":[{\"@type\":[\"WebPage\",\"SearchResultsPage\"],\"@id\":\"https:\\\/\\\/eveil-des-papilles.com\\\/traiteur-haut-de-gamme\",\"url\":\"https:\\\/\\\/eveil-des-papilles.com\\\/traiteur-haut-de-gamme\",\"name\":\"L&#039;\u00c9veil des Papilles - Traiteur haut de gamme\",\"isPartOf\":{\"@id\":\"https:\\\/\\\/eveil-des-papilles.com\\\/#website\"},\"primaryImageOfPage\":{\"@id\":\"https:\\\/\\\/eveil-des-papilles.com\\\/traiteur-haut-de-gamme#primaryimage\"},\"image\":{\"@id\":\"https:\\\/\\\/eveil-des-papilles.com\\\/traiteur-haut-de-gamme#primaryimage\"},\"thumbnailUrl\":\"https:\\\/\\\/eveil-des-papilles.com\\\/wp-content\\\/uploads\\\/2023\\\/10\\\/ZART01906-e1701938318986.jpg\",\"datePublished\":\"2023-10-10T10:07:19+00:00\",\"dateModified\":\"2023-10-12T10:19:38+00:00\",\"description\":\"Recevez de fa\u00e7on conviviale, partagez un moment de gourmandise. Nos chefs \u00e9laborent des menus sp\u00e9cialement pour vos occasions particuli\u00e8res.\",\"breadcrumb\":{\"@id\":\"https:\\\/\\\/eveil-des-papilles.com\\\/traiteur-haut-de-gamme#breadcrumb\"},\"inLanguage\":\"de\",\"potentialAction\":[{\"@type\":\"ReadAction\",\"target\":[\"https:\\\/\\\/eveil-des-papilles.com\\\/traiteur-haut-de-gamme\"]}]},{\"@type\":\"ImageObject\",\"inLanguage\":\"de\",\"@id\":\"https:\\\/\\\/eveil-des-papilles.com\\\/traiteur-haut-de-gamme#primaryimage\",\"url\":\"https:\\\/\\\/eveil-des-papilles.com\\\/wp-content\\\/uploads\\\/2023\\\/10\\\/ZART01906-e1701938318986.jpg\",\"contentUrl\":\"https:\\\/\\\/eveil-des-papilles.com\\\/wp-content\\\/uploads\\\/2023\\\/10\\\/ZART01906-e1701938318986.jpg\",\"width\":1795,\"height\":1365},{\"@type\":\"BreadcrumbList\",\"@id\":\"https:\\\/\\\/eveil-des-papilles.com\\\/traiteur-haut-de-gamme#breadcrumb\",\"itemListElement\":[{\"@type\":\"ListItem\",\"position\":1,\"name\":\"Accueil\",\"item\":\"https:\\\/\\\/eveil-des-papilles.com\\\/\"},{\"@type\":\"ListItem\",\"position\":2,\"name\":\"Traiteur haut de gamme\"}]},{\"@type\":\"WebSite\",\"@id\":\"https:\\\/\\\/eveil-des-papilles.com\\\/#website\",\"url\":\"https:\\\/\\\/eveil-des-papilles.com\\\/\",\"name\":\"L&#039;\u00c9veil des Papilles\",\"description\":\"\",\"publisher\":{\"@id\":\"https:\\\/\\\/eveil-des-papilles.com\\\/#organization\"},\"potentialAction\":[{\"@type\":\"SearchAction\",\"target\":{\"@type\":\"EntryPoint\",\"urlTemplate\":\"https:\\\/\\\/eveil-des-papilles.com\\\/?s={search_term_string}\"},\"query-input\":{\"@type\":\"PropertyValueSpecification\",\"valueRequired\":true,\"valueName\":\"search_term_string\"}}],\"inLanguage\":\"de\"},{\"@type\":\"Organization\",\"@id\":\"https:\\\/\\\/eveil-des-papilles.com\\\/#organization\",\"name\":\"L&#039;\u00c9veil des Papilles\",\"url\":\"https:\\\/\\\/eveil-des-papilles.com\\\/\",\"logo\":{\"@type\":\"ImageObject\",\"inLanguage\":\"de\",\"@id\":\"https:\\\/\\\/eveil-des-papilles.com\\\/#\\\/schema\\\/logo\\\/image\\\/\",\"url\":\"https:\\\/\\\/eveil-des-papilles.com\\\/wp-content\\\/uploads\\\/2023\\\/10\\\/cropped-logo.jpeg\",\"contentUrl\":\"https:\\\/\\\/eveil-des-papilles.com\\\/wp-content\\\/uploads\\\/2023\\\/10\\\/cropped-logo.jpeg\",\"width\":178,\"height\":161,\"caption\":\"L&#039;\u00c9veil des Papilles\"},\"image\":{\"@id\":\"https:\\\/\\\/eveil-des-papilles.com\\\/#\\\/schema\\\/logo\\\/image\\\/\"},\"sameAs\":[\"https:\\\/\\\/www.facebook.com\\\/edptraiteur\\\/?locale=fr_FR\",\"https:\\\/\\\/www.instagram.com\\\/leveildespapilles\\\/\"]}]}<\/script>\n<!-- \/ Yoast SEO plugin. -->","yoast_head_json":{"title":"L'\u00c9veil des Papilles - Hochwertiges Catering","description":"Empfangen Sie auf gesellige Weise, teilen Sie einen Moment der Gaumenfreuden. Unsere K\u00f6che stellen Men\u00fcs speziell f\u00fcr Ihre besonderen Anl\u00e4sse zusammen.","robots":{"index":"index","follow":"follow","max-snippet":"max-snippet:-1","max-image-preview":"max-image-preview:large","max-video-preview":"max-video-preview:-1"},"canonical":"https:\/\/eveil-des-papilles.com\/de\/gehobenes-catering\/","og_locale":"de_DE","og_type":"article","og_title":"L&#039;\u00c9veil des Papilles - Traiteur haut de gamme","og_description":"Recevez de fa\u00e7on conviviale, partagez un moment de gourmandise. Nos chefs \u00e9laborent des menus sp\u00e9cialement pour vos occasions particuli\u00e8res.","og_url":"https:\/\/eveil-des-papilles.com\/de\/gehobenes-catering\/","og_site_name":"L&#039;\u00c9veil des Papilles","article_publisher":"https:\/\/www.facebook.com\/edptraiteur\/?locale=fr_FR","article_modified_time":"2023-10-12T10:19:38+00:00","og_image":[{"width":1024,"height":683,"url":"https:\/\/eveil-des-papilles.com\/wp-content\/uploads\/2023\/10\/ZART01906-1024x683.jpg","type":"image\/jpeg"}],"twitter_card":"summary_large_image","schema":{"@context":"https:\/\/schema.org","@graph":[{"@type":["WebPage","SearchResultsPage"],"@id":"https:\/\/eveil-des-papilles.com\/traiteur-haut-de-gamme","url":"https:\/\/eveil-des-papilles.com\/traiteur-haut-de-gamme","name":"L'\u00c9veil des Papilles - Hochwertiges Catering","isPartOf":{"@id":"https:\/\/eveil-des-papilles.com\/#website"},"primaryImageOfPage":{"@id":"https:\/\/eveil-des-papilles.com\/traiteur-haut-de-gamme#primaryimage"},"image":{"@id":"https:\/\/eveil-des-papilles.com\/traiteur-haut-de-gamme#primaryimage"},"thumbnailUrl":"https:\/\/eveil-des-papilles.com\/wp-content\/uploads\/2023\/10\/ZART01906-e1701938318986.jpg","datePublished":"2023-10-10T10:07:19+00:00","dateModified":"2023-10-12T10:19:38+00:00","description":"Empfangen Sie auf gesellige Weise, teilen Sie einen Moment der Gaumenfreuden. Unsere K\u00f6che stellen Men\u00fcs speziell f\u00fcr Ihre besonderen Anl\u00e4sse zusammen.","breadcrumb":{"@id":"https:\/\/eveil-des-papilles.com\/traiteur-haut-de-gamme#breadcrumb"},"inLanguage":"de","potentialAction":[{"@type":"ReadAction","target":["https:\/\/eveil-des-papilles.com\/traiteur-haut-de-gamme"]}]},{"@type":"ImageObject","inLanguage":"de","@id":"https:\/\/eveil-des-papilles.com\/traiteur-haut-de-gamme#primaryimage","url":"https:\/\/eveil-des-papilles.com\/wp-content\/uploads\/2023\/10\/ZART01906-e1701938318986.jpg","contentUrl":"https:\/\/eveil-des-papilles.com\/wp-content\/uploads\/2023\/10\/ZART01906-e1701938318986.jpg","width":1795,"height":1365},{"@type":"BreadcrumbList","@id":"https:\/\/eveil-des-papilles.com\/traiteur-haut-de-gamme#breadcrumb","itemListElement":[{"@type":"ListItem","position":1,"name":"Accueil","item":"https:\/\/eveil-des-papilles.com\/"},{"@type":"ListItem","position":2,"name":"Traiteur haut de gamme"}]},{"@type":"WebSite","@id":"https:\/\/eveil-des-papilles.com\/#website","url":"https:\/\/eveil-des-papilles.com\/","name":"Das Erwachen der Papillen","description":"","publisher":{"@id":"https:\/\/eveil-des-papilles.com\/#organization"},"potentialAction":[{"@type":"SearchAction","target":{"@type":"EntryPoint","urlTemplate":"https:\/\/eveil-des-papilles.com\/?s={search_term_string}"},"query-input":{"@type":"PropertyValueSpecification","valueRequired":true,"valueName":"search_term_string"}}],"inLanguage":"de"},{"@type":"Organization","@id":"https:\/\/eveil-des-papilles.com\/#organization","name":"Das Erwachen der Papillen","url":"https:\/\/eveil-des-papilles.com\/","logo":{"@type":"ImageObject","inLanguage":"de","@id":"https:\/\/eveil-des-papilles.com\/#\/schema\/logo\/image\/","url":"https:\/\/eveil-des-papilles.com\/wp-content\/uploads\/2023\/10\/cropped-logo.jpeg","contentUrl":"https:\/\/eveil-des-papilles.com\/wp-content\/uploads\/2023\/10\/cropped-logo.jpeg","width":178,"height":161,"caption":"L&#039;\u00c9veil des Papilles"},"image":{"@id":"https:\/\/eveil-des-papilles.com\/#\/schema\/logo\/image\/"},"sameAs":["https:\/\/www.facebook.com\/edptraiteur\/?locale=fr_FR","https:\/\/www.instagram.com\/leveildespapilles\/"]}]}},"_links":{"self":[{"href":"https:\/\/eveil-des-papilles.com\/de\/wp-json\/wp\/v2\/pages\/16","targetHints":{"allow":["GET"]}}],"collection":[{"href":"https:\/\/eveil-des-papilles.com\/de\/wp-json\/wp\/v2\/pages"}],"about":[{"href":"https:\/\/eveil-des-papilles.com\/de\/wp-json\/wp\/v2\/types\/page"}],"author":[{"embeddable":true,"href":"https:\/\/eveil-des-papilles.com\/de\/wp-json\/wp\/v2\/users\/1"}],"replies":[{"embeddable":true,"href":"https:\/\/eveil-des-papilles.com\/de\/wp-json\/wp\/v2\/comments?post=16"}],"version-history":[{"count":2,"href":"https:\/\/eveil-des-papilles.com\/de\/wp-json\/wp\/v2\/pages\/16\/revisions"}],"predecessor-version":[{"id":336,"href":"https:\/\/eveil-des-papilles.com\/de\/wp-json\/wp\/v2\/pages\/16\/revisions\/336"}],"wp:featuredmedia":[{"embeddable":true,"href":"https:\/\/eveil-des-papilles.com\/de\/wp-json\/wp\/v2\/media\/108"}],"wp:attachment":[{"href":"https:\/\/eveil-des-papilles.com\/de\/wp-json\/wp\/v2\/media?parent=16"}],"curies":[{"name":"wp","href":"https:\/\/api.w.org\/{rel}","templated":true}]}}