{"id":12,"date":"2023-10-10T10:06:26","date_gmt":"2023-10-10T10:06:26","guid":{"rendered":"https:\/\/eveil-des-papilles.com\/?page_id=12"},"modified":"2023-10-12T10:16:12","modified_gmt":"2023-10-12T10:16:12","slug":"accueil","status":"publish","type":"page","link":"https:\/\/eveil-des-papilles.com\/de\/","title":{"rendered":"Das Erwachen der Papillen"},"content":{"rendered":"","protected":false},"excerpt":{"rendered":"","protected":false},"author":1,"featured_media":0,"parent":0,"menu_order":0,"comment_status":"closed","ping_status":"closed","template":"","meta":{"footnotes":""},"class_list":["post-12","page","type-page","status-publish","czr-hentry"],"yoast_head":"<!-- This site is optimized with the Yoast SEO plugin v27.3 - https:\/\/yoast.com\/product\/yoast-seo-wordpress\/ -->\n<title>L&#039;\u00c9veil des Papilles - Traiteur haut de gamme<\/title>\n<meta name=\"description\" content=\"L&#039;\u00c9veil des Papilles - Structure \u00e0 taille humaine, depuis 15 ans nous avons organis\u00e9 plus de 400 mariages et prestations sur mesure...\" \/>\n<meta name=\"robots\" content=\"index, follow, max-snippet:-1, max-image-preview:large, max-video-preview:-1\" \/>\n<link rel=\"canonical\" href=\"https:\/\/eveil-des-papilles.com\/de\/\" \/>\n<meta property=\"og:locale\" content=\"de_DE\" \/>\n<meta property=\"og:type\" content=\"article\" \/>\n<meta property=\"og:title\" content=\"L&#039;\u00c9veil des Papilles - Traiteur haut de gamme\" \/>\n<meta property=\"og:description\" content=\"L&#039;\u00c9veil des Papilles - Structure \u00e0 taille humaine, depuis 15 ans nous avons organis\u00e9 plus de 400 mariages et prestations sur mesure...\" \/>\n<meta property=\"og:url\" content=\"https:\/\/eveil-des-papilles.com\/de\/\" \/>\n<meta property=\"og:site_name\" content=\"L&#039;\u00c9veil des Papilles\" \/>\n<meta property=\"article:publisher\" content=\"https:\/\/www.facebook.com\/edptraiteur\/?locale=fr_FR\" \/>\n<meta property=\"article:modified_time\" content=\"2023-10-12T10:16:12+00:00\" \/>\n<meta property=\"og:image\" content=\"https:\/\/eveil-des-papilles.com\/wp-content\/uploads\/2023\/10\/Fabien-Cancelier.jpeg\" \/>\n\t<meta property=\"og:image:width\" content=\"640\" \/>\n\t<meta property=\"og:image:height\" content=\"640\" \/>\n\t<meta property=\"og:image:type\" content=\"image\/jpeg\" \/>\n<meta name=\"twitter:card\" content=\"summary_large_image\" \/>\n<script type=\"application\/ld+json\" class=\"yoast-schema-graph\">{\"@context\":\"https:\\\/\\\/schema.org\",\"@graph\":[{\"@type\":\"WebPage\",\"@id\":\"https:\\\/\\\/eveil-des-papilles.com\\\/\",\"url\":\"https:\\\/\\\/eveil-des-papilles.com\\\/\",\"name\":\"L'\u00c9veil des Papilles - Traiteur haut de gamme\",\"isPartOf\":{\"@id\":\"https:\\\/\\\/eveil-des-papilles.com\\\/#website\"},\"datePublished\":\"2023-10-10T10:06:26+00:00\",\"dateModified\":\"2023-10-12T10:16:12+00:00\",\"description\":\"L&#039;\u00c9veil des Papilles - Structure \u00e0 taille humaine, depuis 15 ans nous avons organis\u00e9 plus de 400 mariages et prestations sur mesure...\",\"breadcrumb\":{\"@id\":\"https:\\\/\\\/eveil-des-papilles.com\\\/#breadcrumb\"},\"inLanguage\":\"de\",\"potentialAction\":[{\"@type\":\"ReadAction\",\"target\":[\"https:\\\/\\\/eveil-des-papilles.com\\\/\"]}]},{\"@type\":\"BreadcrumbList\",\"@id\":\"https:\\\/\\\/eveil-des-papilles.com\\\/#breadcrumb\",\"itemListElement\":[{\"@type\":\"ListItem\",\"position\":1,\"name\":\"Accueil\",\"item\":\"https:\\\/\\\/eveil-des-papilles.com\\\/\"},{\"@type\":\"ListItem\",\"position\":2,\"name\":\"L&rsquo;\u00c9veil des Papilles\"}]},{\"@type\":\"WebSite\",\"@id\":\"https:\\\/\\\/eveil-des-papilles.com\\\/#website\",\"url\":\"https:\\\/\\\/eveil-des-papilles.com\\\/\",\"name\":\"L&#039;\u00c9veil des Papilles\",\"description\":\"\",\"publisher\":{\"@id\":\"https:\\\/\\\/eveil-des-papilles.com\\\/#organization\"},\"potentialAction\":[{\"@type\":\"SearchAction\",\"target\":{\"@type\":\"EntryPoint\",\"urlTemplate\":\"https:\\\/\\\/eveil-des-papilles.com\\\/?s={search_term_string}\"},\"query-input\":{\"@type\":\"PropertyValueSpecification\",\"valueRequired\":true,\"valueName\":\"search_term_string\"}}],\"inLanguage\":\"de\"},{\"@type\":\"Organization\",\"@id\":\"https:\\\/\\\/eveil-des-papilles.com\\\/#organization\",\"name\":\"L&#039;\u00c9veil des Papilles\",\"url\":\"https:\\\/\\\/eveil-des-papilles.com\\\/\",\"logo\":{\"@type\":\"ImageObject\",\"inLanguage\":\"de\",\"@id\":\"https:\\\/\\\/eveil-des-papilles.com\\\/#\\\/schema\\\/logo\\\/image\\\/\",\"url\":\"https:\\\/\\\/eveil-des-papilles.com\\\/wp-content\\\/uploads\\\/2023\\\/10\\\/cropped-logo.jpeg\",\"contentUrl\":\"https:\\\/\\\/eveil-des-papilles.com\\\/wp-content\\\/uploads\\\/2023\\\/10\\\/cropped-logo.jpeg\",\"width\":178,\"height\":161,\"caption\":\"L&#039;\u00c9veil des Papilles\"},\"image\":{\"@id\":\"https:\\\/\\\/eveil-des-papilles.com\\\/#\\\/schema\\\/logo\\\/image\\\/\"},\"sameAs\":[\"https:\\\/\\\/www.facebook.com\\\/edptraiteur\\\/?locale=fr_FR\",\"https:\\\/\\\/www.instagram.com\\\/leveildespapilles\\\/\"]}]}<\/script>\n<!-- \/ Yoast SEO plugin. -->","yoast_head_json":{"title":"L'\u00c9veil des Papilles - Hochwertiges Catering","description":"L'\u00c9veil des Papilles - Struktur mit menschlicher Gr\u00f6\u00dfe, seit 15 Jahren haben wir mehr als 400 Hochzeiten und ma\u00dfgeschneiderte Leistungen organisiert...","robots":{"index":"index","follow":"follow","max-snippet":"max-snippet:-1","max-image-preview":"max-image-preview:large","max-video-preview":"max-video-preview:-1"},"canonical":"https:\/\/eveil-des-papilles.com\/de\/","og_locale":"de_DE","og_type":"article","og_title":"L'\u00c9veil des Papilles - Traiteur haut de gamme","og_description":"L&#039;\u00c9veil des Papilles - Structure \u00e0 taille humaine, depuis 15 ans nous avons organis\u00e9 plus de 400 mariages et prestations sur mesure...","og_url":"https:\/\/eveil-des-papilles.com\/de\/","og_site_name":"L&#039;\u00c9veil des Papilles","article_publisher":"https:\/\/www.facebook.com\/edptraiteur\/?locale=fr_FR","article_modified_time":"2023-10-12T10:16:12+00:00","og_image":[{"width":640,"height":640,"url":"https:\/\/eveil-des-papilles.com\/wp-content\/uploads\/2023\/10\/Fabien-Cancelier.jpeg","type":"image\/jpeg"}],"twitter_card":"summary_large_image","schema":{"@context":"https:\/\/schema.org","@graph":[{"@type":"WebPage","@id":"https:\/\/eveil-des-papilles.com\/","url":"https:\/\/eveil-des-papilles.com\/","name":"L'\u00c9veil des Papilles - Hochwertiges Catering","isPartOf":{"@id":"https:\/\/eveil-des-papilles.com\/#website"},"datePublished":"2023-10-10T10:06:26+00:00","dateModified":"2023-10-12T10:16:12+00:00","description":"L'\u00c9veil des Papilles - Struktur mit menschlicher Gr\u00f6\u00dfe, seit 15 Jahren haben wir mehr als 400 Hochzeiten und ma\u00dfgeschneiderte Leistungen organisiert...","breadcrumb":{"@id":"https:\/\/eveil-des-papilles.com\/#breadcrumb"},"inLanguage":"de","potentialAction":[{"@type":"ReadAction","target":["https:\/\/eveil-des-papilles.com\/"]}]},{"@type":"BreadcrumbList","@id":"https:\/\/eveil-des-papilles.com\/#breadcrumb","itemListElement":[{"@type":"ListItem","position":1,"name":"Accueil","item":"https:\/\/eveil-des-papilles.com\/"},{"@type":"ListItem","position":2,"name":"L&rsquo;\u00c9veil des Papilles"}]},{"@type":"WebSite","@id":"https:\/\/eveil-des-papilles.com\/#website","url":"https:\/\/eveil-des-papilles.com\/","name":"Das Erwachen der Papillen","description":"","publisher":{"@id":"https:\/\/eveil-des-papilles.com\/#organization"},"potentialAction":[{"@type":"SearchAction","target":{"@type":"EntryPoint","urlTemplate":"https:\/\/eveil-des-papilles.com\/?s={search_term_string}"},"query-input":{"@type":"PropertyValueSpecification","valueRequired":true,"valueName":"search_term_string"}}],"inLanguage":"de"},{"@type":"Organization","@id":"https:\/\/eveil-des-papilles.com\/#organization","name":"Das Erwachen der Papillen","url":"https:\/\/eveil-des-papilles.com\/","logo":{"@type":"ImageObject","inLanguage":"de","@id":"https:\/\/eveil-des-papilles.com\/#\/schema\/logo\/image\/","url":"https:\/\/eveil-des-papilles.com\/wp-content\/uploads\/2023\/10\/cropped-logo.jpeg","contentUrl":"https:\/\/eveil-des-papilles.com\/wp-content\/uploads\/2023\/10\/cropped-logo.jpeg","width":178,"height":161,"caption":"L&#039;\u00c9veil des Papilles"},"image":{"@id":"https:\/\/eveil-des-papilles.com\/#\/schema\/logo\/image\/"},"sameAs":["https:\/\/www.facebook.com\/edptraiteur\/?locale=fr_FR","https:\/\/www.instagram.com\/leveildespapilles\/"]}]}},"_links":{"self":[{"href":"https:\/\/eveil-des-papilles.com\/de\/wp-json\/wp\/v2\/pages\/12","targetHints":{"allow":["GET"]}}],"collection":[{"href":"https:\/\/eveil-des-papilles.com\/de\/wp-json\/wp\/v2\/pages"}],"about":[{"href":"https:\/\/eveil-des-papilles.com\/de\/wp-json\/wp\/v2\/types\/page"}],"author":[{"embeddable":true,"href":"https:\/\/eveil-des-papilles.com\/de\/wp-json\/wp\/v2\/users\/1"}],"replies":[{"embeddable":true,"href":"https:\/\/eveil-des-papilles.com\/de\/wp-json\/wp\/v2\/comments?post=12"}],"version-history":[{"count":2,"href":"https:\/\/eveil-des-papilles.com\/de\/wp-json\/wp\/v2\/pages\/12\/revisions"}],"predecessor-version":[{"id":332,"href":"https:\/\/eveil-des-papilles.com\/de\/wp-json\/wp\/v2\/pages\/12\/revisions\/332"}],"wp:attachment":[{"href":"https:\/\/eveil-des-papilles.com\/de\/wp-json\/wp\/v2\/media?parent=12"}],"curies":[{"name":"wp","href":"https:\/\/api.w.org\/{rel}","templated":true}]}}